{"id":1384,"date":"2022-09-05T17:09:22","date_gmt":"2022-09-05T10:09:22","guid":{"rendered":"https:\/\/vanphongao.greensoft.vn\/about-us\/"},"modified":"2025-05-08T22:29:54","modified_gmt":"2025-05-08T15:29:54","slug":"about-us","status":"publish","type":"page","link":"https:\/\/vanphongao.net\/en\/about-us\/","title":{"rendered":"About us"},"content":{"rendered":"\t\t<div data-elementor-type=\"wp-page\" data-elementor-id=\"1384\" class=\"elementor elementor-1384 elementor-1151\" data-elementor-post-type=\"page\">\n\t\t\t\t\t\t<section class=\"elementor-section elementor-top-section elementor-element elementor-element-1e9a7cf elementor-section-full_width elementor-section-height-default elementor-section-height-default\" data-id=\"1e9a7cf\" data-element_type=\"section\" data-e-type=\"section\" data-settings=\"{&quot;jet_parallax_layout_list&quot;:[]}\">\n\t\t\t\t\t\t<div class=\"elementor-container elementor-column-gap-default\">\n\t\t\t\t\t<div class=\"elementor-column elementor-col-100 elementor-top-column elementor-element elementor-element-56e55b6\" data-id=\"56e55b6\" data-element_type=\"column\" data-e-type=\"column\">\n\t\t\t<div class=\"elementor-widget-wrap elementor-element-populated\">\n\t\t\t\t\t\t<div class=\"elementor-element elementor-element-860d7cf elementor-widget elementor-widget-image\" data-id=\"860d7cf\" data-element_type=\"widget\" data-e-type=\"widget\" data-widget_type=\"image.default\">\n\t\t\t\t\t\t\t\t\t\t\t\t\t\t\t<img fetchpriority=\"high\" decoding=\"async\" width=\"1520\" height=\"600\" src=\"https:\/\/vanphongao.net\/wp-content\/uploads\/2022\/09\/Untitled-1.jpg\" class=\"attachment-full size-full wp-image-1345\" alt=\"\" srcset=\"https:\/\/vanphongao.net\/wp-content\/uploads\/2022\/09\/Untitled-1.jpg.webp 1520w, https:\/\/vanphongao.net\/wp-content\/uploads\/2022\/09\/Untitled-1-300x118.jpg.webp 300w, https:\/\/vanphongao.net\/wp-content\/uploads\/2022\/09\/Untitled-1-1024x404.jpg.webp 1024w, https:\/\/vanphongao.net\/wp-content\/uploads\/2022\/09\/Untitled-1-768x303.jpg.webp 768w\" sizes=\"(max-width: 1520px) 100vw, 1520px\" \/>\t\t\t\t\t\t\t\t\t\t\t\t\t\t\t<\/div>\n\t\t\t\t\t<\/div>\n\t\t<\/div>\n\t\t\t\t\t<\/div>\n\t\t<\/section>\n\t\t\t\t<section class=\"elementor-section elementor-top-section elementor-element elementor-element-cd5f72e elementor-section-boxed elementor-section-height-default elementor-section-height-default\" data-id=\"cd5f72e\" data-element_type=\"section\" data-e-type=\"section\" data-settings=\"{&quot;jet_parallax_layout_list&quot;:[]}\">\n\t\t\t\t\t\t<div class=\"elementor-container elementor-column-gap-default\">\n\t\t\t\t\t<div class=\"elementor-column elementor-col-100 elementor-top-column elementor-element elementor-element-39de9ec\" data-id=\"39de9ec\" data-element_type=\"column\" data-e-type=\"column\">\n\t\t\t<div class=\"elementor-widget-wrap elementor-element-populated\">\n\t\t\t\t\t\t<section class=\"elementor-section elementor-inner-section elementor-element elementor-element-dd3d14d elementor-section-boxed elementor-section-height-default elementor-section-height-default\" data-id=\"dd3d14d\" data-element_type=\"section\" data-e-type=\"section\" data-settings=\"{&quot;jet_parallax_layout_list&quot;:[]}\">\n\t\t\t\t\t\t<div class=\"elementor-container elementor-column-gap-default\">\n\t\t\t\t\t<div class=\"elementor-column elementor-col-100 elementor-inner-column elementor-element elementor-element-fb9d529\" data-id=\"fb9d529\" data-element_type=\"column\" data-e-type=\"column\">\n\t\t\t<div class=\"elementor-widget-wrap elementor-element-populated\">\n\t\t\t\t\t\t<div class=\"elementor-element elementor-element-b738428 elementor-widget elementor-widget-heading\" data-id=\"b738428\" data-element_type=\"widget\" data-e-type=\"widget\" data-widget_type=\"heading.default\">\n\t\t\t\t\t<h2 class=\"elementor-heading-title elementor-size-default\">About us<\/h2>\t\t\t\t<\/div>\n\t\t\t\t<div class=\"elementor-element elementor-element-fd87cc7 elementor-widget elementor-widget-heading\" data-id=\"fd87cc7\" data-element_type=\"widget\" data-e-type=\"widget\" data-widget_type=\"heading.default\">\n\t\t\t\t\t<p class=\"elementor-heading-title elementor-size-default\">18 years of experience in providing office rental services, is a pioneer in providing virtual office, shared office and co-working services. With outstanding advantages in information technology and telecommunications applications, customers save time and costs and increase market access. G Office provides office services with high-class furniture, modern and luxurious design. More than 10,000 businesses and entrepreneurs use G Office's services, currently G Office has many branches in the central districts of Ho Chi Minh City<\/p>\t\t\t\t<\/div>\n\t\t\t\t\t<\/div>\n\t\t<\/div>\n\t\t\t\t\t<\/div>\n\t\t<\/section>\n\t\t\t\t<section class=\"elementor-section elementor-inner-section elementor-element elementor-element-67b7b3d elementor-section-boxed elementor-section-height-default elementor-section-height-default\" data-id=\"67b7b3d\" data-element_type=\"section\" data-e-type=\"section\" data-settings=\"{&quot;jet_parallax_layout_list&quot;:[]}\">\n\t\t\t\t\t\t<div class=\"elementor-container elementor-column-gap-default\">\n\t\t\t\t\t<div class=\"elementor-column elementor-col-50 elementor-inner-column elementor-element elementor-element-61389a9\" data-id=\"61389a9\" data-element_type=\"column\" data-e-type=\"column\">\n\t\t\t<div class=\"elementor-widget-wrap elementor-element-populated\">\n\t\t\t\t\t\t<div class=\"elementor-element elementor-element-e994625 elementor-position-left elementor-vertical-align-middle elementor-widget elementor-widget-image-box\" data-id=\"e994625\" data-element_type=\"widget\" data-e-type=\"widget\" data-widget_type=\"image-box.default\">\n\t\t\t\t\t<div class=\"elementor-image-box-wrapper\"><figure class=\"elementor-image-box-img\"><img decoding=\"async\" width=\"55\" height=\"55\" src=\"https:\/\/vanphongao.net\/wp-content\/uploads\/2022\/09\/16.png\" class=\"attachment-full size-full wp-image-1346\" alt=\"\" \/><\/figure><div class=\"elementor-image-box-content\"><h3 class=\"elementor-image-box-title\">18 YEARS<\/h3><\/div><\/div>\t\t\t\t<\/div>\n\t\t\t\t\t<\/div>\n\t\t<\/div>\n\t\t\t\t<div class=\"elementor-column elementor-col-50 elementor-inner-column elementor-element elementor-element-178f608\" data-id=\"178f608\" data-element_type=\"column\" data-e-type=\"column\">\n\t\t\t<div class=\"elementor-widget-wrap elementor-element-populated\">\n\t\t\t\t\t\t<div class=\"elementor-element elementor-element-bcd545d elementor-position-left elementor-vertical-align-middle elementor-widget elementor-widget-image-box\" data-id=\"bcd545d\" data-element_type=\"widget\" data-e-type=\"widget\" data-widget_type=\"image-box.default\">\n\t\t\t\t\t<div class=\"elementor-image-box-wrapper\"><figure class=\"elementor-image-box-img\"><img decoding=\"async\" width=\"55\" height=\"55\" src=\"https:\/\/vanphongao.net\/wp-content\/uploads\/2022\/09\/2.png\" class=\"attachment-full size-full wp-image-1347\" alt=\"\" \/><\/figure><div class=\"elementor-image-box-content\"><h3 class=\"elementor-image-box-title\">5 SERVICES<\/h3><\/div><\/div>\t\t\t\t<\/div>\n\t\t\t\t\t<\/div>\n\t\t<\/div>\n\t\t\t\t\t<\/div>\n\t\t<\/section>\n\t\t\t\t<section class=\"elementor-section elementor-inner-section elementor-element elementor-element-db47e5b elementor-section-boxed elementor-section-height-default elementor-section-height-default\" data-id=\"db47e5b\" data-element_type=\"section\" data-e-type=\"section\" data-settings=\"{&quot;jet_parallax_layout_list&quot;:[]}\">\n\t\t\t\t\t\t<div class=\"elementor-container elementor-column-gap-default\">\n\t\t\t\t\t<div class=\"elementor-column elementor-col-50 elementor-inner-column elementor-element elementor-element-69d240b\" data-id=\"69d240b\" data-element_type=\"column\" data-e-type=\"column\">\n\t\t\t<div class=\"elementor-widget-wrap elementor-element-populated\">\n\t\t\t\t\t\t<div class=\"elementor-element elementor-element-821bc72 elementor-position-left elementor-vertical-align-middle elementor-widget elementor-widget-image-box\" data-id=\"821bc72\" data-element_type=\"widget\" data-e-type=\"widget\" data-widget_type=\"image-box.default\">\n\t\t\t\t\t<div class=\"elementor-image-box-wrapper\"><figure class=\"elementor-image-box-img\"><img loading=\"lazy\" decoding=\"async\" width=\"55\" height=\"55\" src=\"https:\/\/vanphongao.net\/wp-content\/uploads\/2022\/09\/3.png\" class=\"attachment-full size-full wp-image-1348\" alt=\"\" \/><\/figure><div class=\"elementor-image-box-content\"><h3 class=\"elementor-image-box-title\">6 BRANCH<\/h3><\/div><\/div>\t\t\t\t<\/div>\n\t\t\t\t\t<\/div>\n\t\t<\/div>\n\t\t\t\t<div class=\"elementor-column elementor-col-50 elementor-inner-column elementor-element elementor-element-5bdcfd1\" data-id=\"5bdcfd1\" data-element_type=\"column\" data-e-type=\"column\">\n\t\t\t<div class=\"elementor-widget-wrap elementor-element-populated\">\n\t\t\t\t\t\t<div class=\"elementor-element elementor-element-846d54c elementor-position-left elementor-vertical-align-middle elementor-widget elementor-widget-image-box\" data-id=\"846d54c\" data-element_type=\"widget\" data-e-type=\"widget\" data-widget_type=\"image-box.default\">\n\t\t\t\t\t<div class=\"elementor-image-box-wrapper\"><figure class=\"elementor-image-box-img\"><img loading=\"lazy\" decoding=\"async\" width=\"55\" height=\"55\" src=\"https:\/\/vanphongao.net\/wp-content\/uploads\/2022\/09\/4.png\" class=\"attachment-full size-full wp-image-1349\" alt=\"\" \/><\/figure><div class=\"elementor-image-box-content\"><h3 class=\"elementor-image-box-title\">OVER 10,000 BUSINESSES<\/h3><\/div><\/div>\t\t\t\t<\/div>\n\t\t\t\t\t<\/div>\n\t\t<\/div>\n\t\t\t\t\t<\/div>\n\t\t<\/section>\n\t\t\t\t\t<\/div>\n\t\t<\/div>\n\t\t\t\t\t<\/div>\n\t\t<\/section>\n\t\t\t\t<\/div>\n\t\t","protected":false},"excerpt":{"rendered":"<p>About us 18 years of experience in providing office rental services, is a pioneer in providing virtual office, shared office and co-working services. With outstanding advantages in information technology and telecommunications applications, customers save time and costs and increase market access. G Office provides office services with high-class furniture, modern and luxurious design. More than [&hellip;]<\/p>\n","protected":false},"author":1,"featured_media":0,"parent":0,"menu_order":0,"comment_status":"closed","ping_status":"closed","template":"elementor_header_footer","meta":{"site-sidebar-layout":"no-sidebar","site-content-layout":"page-builder","ast-site-content-layout":"default","site-content-style":"default","site-sidebar-style":"default","ast-global-header-display":"","ast-banner-title-visibility":"","ast-main-header-display":"","ast-hfb-above-header-display":"","ast-hfb-below-header-display":"","ast-hfb-mobile-header-display":"","site-post-title":"disabled","ast-breadcrumbs-content":"","ast-featured-img":"disabled","footer-sml-layout":"","ast-disable-related-posts":"","theme-transparent-header-meta":"default","adv-header-id-meta":"","stick-header-meta":"default","header-above-stick-meta":"","header-main-stick-meta":"","header-below-stick-meta":"","astra-migrate-meta-layouts":"default","ast-page-background-enabled":"default","ast-page-background-meta":{"desktop":{"background-color":"var(--ast-global-color-4)","background-image":"","background-repeat":"repeat","background-position":"center center","background-size":"auto","background-attachment":"scroll","background-type":"","background-media":"","overlay-type":"","overlay-color":"","overlay-opacity":"","overlay-gradient":""},"tablet":{"background-color":"","background-image":"","background-repeat":"repeat","background-position":"center center","background-size":"auto","background-attachment":"scroll","background-type":"","background-media":"","overlay-type":"","overlay-color":"","overlay-opacity":"","overlay-gradient":""},"mobile":{"background-color":"","background-image":"","background-repeat":"repeat","background-position":"center center","background-size":"auto","background-attachment":"scroll","background-type":"","background-media":"","overlay-type":"","overlay-color":"","overlay-opacity":"","overlay-gradient":""}},"ast-content-background-meta":{"desktop":{"background-color":"var(--ast-global-color-5)","background-image":"","background-repeat":"repeat","background-position":"center center","background-size":"auto","background-attachment":"scroll","background-type":"","background-media":"","overlay-type":"","overlay-color":"","overlay-opacity":"","overlay-gradient":""},"tablet":{"background-color":"var(--ast-global-color-5)","background-image":"","background-repeat":"repeat","background-position":"center center","background-size":"auto","background-attachment":"scroll","background-type":"","background-media":"","overlay-type":"","overlay-color":"","overlay-opacity":"","overlay-gradient":""},"mobile":{"background-color":"var(--ast-global-color-5)","background-image":"","background-repeat":"repeat","background-position":"center center","background-size":"auto","background-attachment":"scroll","background-type":"","background-media":"","overlay-type":"","overlay-color":"","overlay-opacity":"","overlay-gradient":""}},"footnotes":""},"class_list":["post-1384","page","type-page","status-publish","hentry"],"yoast_head":"<!-- This site is optimized with the Yoast SEO plugin v27.4 - https:\/\/yoast.com\/product\/yoast-seo-wordpress\/ -->\n<title>About us - G Office Cho thu\u00ea v\u0103n ph\u00f2ng \u1ea3o, v\u0103n ph\u00f2ng chia s\u1ebb, v\u0103n ph\u00f2ng tr\u1ecdn g\u00f3i<\/title>\n<meta name=\"robots\" content=\"index, follow, max-snippet:-1, max-image-preview:large, max-video-preview:-1\" \/>\n<link rel=\"canonical\" href=\"https:\/\/vanphongao.net\/en\/about-us\/\" \/>\n<meta property=\"og:locale\" content=\"en_US\" \/>\n<meta property=\"og:type\" content=\"article\" \/>\n<meta property=\"og:title\" content=\"About us - G Office Cho thu\u00ea v\u0103n ph\u00f2ng \u1ea3o, v\u0103n ph\u00f2ng chia s\u1ebb, v\u0103n ph\u00f2ng tr\u1ecdn g\u00f3i\" \/>\n<meta property=\"og:description\" content=\"About us 18 years of experience in providing office rental services, is a pioneer in providing virtual office, shared office and co-working services. With outstanding advantages in information technology and telecommunications applications, customers save time and costs and increase market access. G Office provides office services with high-class furniture, modern and luxurious design. More than [&hellip;]\" \/>\n<meta property=\"og:url\" content=\"https:\/\/vanphongao.net\/en\/about-us\/\" \/>\n<meta property=\"og:site_name\" content=\"G Office Cho thu\u00ea v\u0103n ph\u00f2ng \u1ea3o, v\u0103n ph\u00f2ng chia s\u1ebb, v\u0103n ph\u00f2ng tr\u1ecdn g\u00f3i\" \/>\n<meta property=\"article:publisher\" content=\"https:\/\/www.facebook.com\/gofficevietnam\" \/>\n<meta property=\"article:modified_time\" content=\"2025-05-08T15:29:54+00:00\" \/>\n<meta property=\"og:image\" content=\"https:\/\/vanphongao.net\/wp-content\/uploads\/2022\/09\/Untitled-1.jpg\" \/>\n\t<meta property=\"og:image:width\" content=\"1520\" \/>\n\t<meta property=\"og:image:height\" content=\"600\" \/>\n\t<meta property=\"og:image:type\" content=\"image\/jpeg\" \/>\n<meta name=\"twitter:card\" content=\"summary_large_image\" \/>\n<meta name=\"twitter:label1\" content=\"Est. reading time\" \/>\n\t<meta name=\"twitter:data1\" content=\"2 minutes\" \/>\n<script type=\"application\/ld+json\" class=\"yoast-schema-graph\">{\"@context\":\"https:\\\/\\\/schema.org\",\"@graph\":[{\"@type\":\"WebPage\",\"@id\":\"https:\\\/\\\/vanphongao.net\\\/en\\\/about-us\\\/\",\"url\":\"https:\\\/\\\/vanphongao.net\\\/en\\\/about-us\\\/\",\"name\":\"About us - G Office Cho thu\u00ea v\u0103n ph\u00f2ng \u1ea3o, v\u0103n ph\u00f2ng chia s\u1ebb, v\u0103n ph\u00f2ng tr\u1ecdn g\u00f3i\",\"isPartOf\":{\"@id\":\"https:\\\/\\\/vanphongao.net\\\/#website\"},\"primaryImageOfPage\":{\"@id\":\"https:\\\/\\\/vanphongao.net\\\/en\\\/about-us\\\/#primaryimage\"},\"image\":{\"@id\":\"https:\\\/\\\/vanphongao.net\\\/en\\\/about-us\\\/#primaryimage\"},\"thumbnailUrl\":\"https:\\\/\\\/vanphongao.net\\\/wp-content\\\/uploads\\\/2022\\\/09\\\/Untitled-1.jpg\",\"datePublished\":\"2022-09-05T10:09:22+00:00\",\"dateModified\":\"2025-05-08T15:29:54+00:00\",\"breadcrumb\":{\"@id\":\"https:\\\/\\\/vanphongao.net\\\/en\\\/about-us\\\/#breadcrumb\"},\"inLanguage\":\"en-US\",\"potentialAction\":[{\"@type\":\"ReadAction\",\"target\":[\"https:\\\/\\\/vanphongao.net\\\/en\\\/about-us\\\/\"]}]},{\"@type\":\"ImageObject\",\"inLanguage\":\"en-US\",\"@id\":\"https:\\\/\\\/vanphongao.net\\\/en\\\/about-us\\\/#primaryimage\",\"url\":\"https:\\\/\\\/vanphongao.net\\\/wp-content\\\/uploads\\\/2022\\\/09\\\/Untitled-1.jpg\",\"contentUrl\":\"https:\\\/\\\/vanphongao.net\\\/wp-content\\\/uploads\\\/2022\\\/09\\\/Untitled-1.jpg\"},{\"@type\":\"BreadcrumbList\",\"@id\":\"https:\\\/\\\/vanphongao.net\\\/en\\\/about-us\\\/#breadcrumb\",\"itemListElement\":[{\"@type\":\"ListItem\",\"position\":1,\"name\":\"Trang ch\u1ee7\",\"item\":\"https:\\\/\\\/vanphongao.net\\\/\"},{\"@type\":\"ListItem\",\"position\":2,\"name\":\"About us\"}]},{\"@type\":\"WebSite\",\"@id\":\"https:\\\/\\\/vanphongao.net\\\/#website\",\"url\":\"https:\\\/\\\/vanphongao.net\\\/\",\"name\":\"G Office Cho thu\u00ea v\u0103n ph\u00f2ng \u1ea3o, v\u0103n ph\u00f2ng chia s\u1ebb, v\u0103n ph\u00f2ng tr\u1ecdn g\u00f3i\",\"description\":\"\",\"publisher\":{\"@id\":\"https:\\\/\\\/vanphongao.net\\\/#organization\"},\"potentialAction\":[{\"@type\":\"SearchAction\",\"target\":{\"@type\":\"EntryPoint\",\"urlTemplate\":\"https:\\\/\\\/vanphongao.net\\\/?s={search_term_string}\"},\"query-input\":{\"@type\":\"PropertyValueSpecification\",\"valueRequired\":true,\"valueName\":\"search_term_string\"}}],\"inLanguage\":\"en-US\"},{\"@type\":\"Organization\",\"@id\":\"https:\\\/\\\/vanphongao.net\\\/#organization\",\"name\":\"G Office Cho thu\u00ea v\u0103n ph\u00f2ng \u1ea3o, v\u0103n ph\u00f2ng chia s\u1ebb, v\u0103n ph\u00f2ng tr\u1ecdn g\u00f3i\",\"url\":\"https:\\\/\\\/vanphongao.net\\\/\",\"logo\":{\"@type\":\"ImageObject\",\"inLanguage\":\"en-US\",\"@id\":\"https:\\\/\\\/vanphongao.net\\\/#\\\/schema\\\/logo\\\/image\\\/\",\"url\":\"https:\\\/\\\/vanphongao.net\\\/wp-content\\\/uploads\\\/2025\\\/08\\\/Web-logo.webp\",\"contentUrl\":\"https:\\\/\\\/vanphongao.net\\\/wp-content\\\/uploads\\\/2025\\\/08\\\/Web-logo.webp\",\"width\":232,\"height\":67,\"caption\":\"G Office Cho thu\u00ea v\u0103n ph\u00f2ng \u1ea3o, v\u0103n ph\u00f2ng chia s\u1ebb, v\u0103n ph\u00f2ng tr\u1ecdn g\u00f3i\"},\"image\":{\"@id\":\"https:\\\/\\\/vanphongao.net\\\/#\\\/schema\\\/logo\\\/image\\\/\"},\"sameAs\":[\"https:\\\/\\\/www.facebook.com\\\/gofficevietnam\",\"https:\\\/\\\/www.youtube.com\\\/@vanphongchiase\"]}]}<\/script>\n<!-- \/ Yoast SEO plugin. -->","yoast_head_json":{"title":"About us - G Office Cho thu\u00ea v\u0103n ph\u00f2ng \u1ea3o, v\u0103n ph\u00f2ng chia s\u1ebb, v\u0103n ph\u00f2ng tr\u1ecdn g\u00f3i","robots":{"index":"index","follow":"follow","max-snippet":"max-snippet:-1","max-image-preview":"max-image-preview:large","max-video-preview":"max-video-preview:-1"},"canonical":"https:\/\/vanphongao.net\/en\/about-us\/","og_locale":"en_US","og_type":"article","og_title":"About us - G Office Cho thu\u00ea v\u0103n ph\u00f2ng \u1ea3o, v\u0103n ph\u00f2ng chia s\u1ebb, v\u0103n ph\u00f2ng tr\u1ecdn g\u00f3i","og_description":"About us 18 years of experience in providing office rental services, is a pioneer in providing virtual office, shared office and co-working services. With outstanding advantages in information technology and telecommunications applications, customers save time and costs and increase market access. G Office provides office services with high-class furniture, modern and luxurious design. More than [&hellip;]","og_url":"https:\/\/vanphongao.net\/en\/about-us\/","og_site_name":"G Office Cho thu\u00ea v\u0103n ph\u00f2ng \u1ea3o, v\u0103n ph\u00f2ng chia s\u1ebb, v\u0103n ph\u00f2ng tr\u1ecdn g\u00f3i","article_publisher":"https:\/\/www.facebook.com\/gofficevietnam","article_modified_time":"2025-05-08T15:29:54+00:00","og_image":[{"width":1520,"height":600,"url":"https:\/\/vanphongao.net\/wp-content\/uploads\/2022\/09\/Untitled-1.jpg","type":"image\/jpeg"}],"twitter_card":"summary_large_image","twitter_misc":{"Est. reading time":"2 minutes"},"schema":{"@context":"https:\/\/schema.org","@graph":[{"@type":"WebPage","@id":"https:\/\/vanphongao.net\/en\/about-us\/","url":"https:\/\/vanphongao.net\/en\/about-us\/","name":"About us - G Office Cho thu\u00ea v\u0103n ph\u00f2ng \u1ea3o, v\u0103n ph\u00f2ng chia s\u1ebb, v\u0103n ph\u00f2ng tr\u1ecdn g\u00f3i","isPartOf":{"@id":"https:\/\/vanphongao.net\/#website"},"primaryImageOfPage":{"@id":"https:\/\/vanphongao.net\/en\/about-us\/#primaryimage"},"image":{"@id":"https:\/\/vanphongao.net\/en\/about-us\/#primaryimage"},"thumbnailUrl":"https:\/\/vanphongao.net\/wp-content\/uploads\/2022\/09\/Untitled-1.jpg","datePublished":"2022-09-05T10:09:22+00:00","dateModified":"2025-05-08T15:29:54+00:00","breadcrumb":{"@id":"https:\/\/vanphongao.net\/en\/about-us\/#breadcrumb"},"inLanguage":"en-US","potentialAction":[{"@type":"ReadAction","target":["https:\/\/vanphongao.net\/en\/about-us\/"]}]},{"@type":"ImageObject","inLanguage":"en-US","@id":"https:\/\/vanphongao.net\/en\/about-us\/#primaryimage","url":"https:\/\/vanphongao.net\/wp-content\/uploads\/2022\/09\/Untitled-1.jpg","contentUrl":"https:\/\/vanphongao.net\/wp-content\/uploads\/2022\/09\/Untitled-1.jpg"},{"@type":"BreadcrumbList","@id":"https:\/\/vanphongao.net\/en\/about-us\/#breadcrumb","itemListElement":[{"@type":"ListItem","position":1,"name":"Trang ch\u1ee7","item":"https:\/\/vanphongao.net\/"},{"@type":"ListItem","position":2,"name":"About us"}]},{"@type":"WebSite","@id":"https:\/\/vanphongao.net\/#website","url":"https:\/\/vanphongao.net\/","name":"G Office Cho thu\u00ea v\u0103n ph\u00f2ng \u1ea3o, v\u0103n ph\u00f2ng chia s\u1ebb, v\u0103n ph\u00f2ng tr\u1ecdn g\u00f3i","description":"","publisher":{"@id":"https:\/\/vanphongao.net\/#organization"},"potentialAction":[{"@type":"SearchAction","target":{"@type":"EntryPoint","urlTemplate":"https:\/\/vanphongao.net\/?s={search_term_string}"},"query-input":{"@type":"PropertyValueSpecification","valueRequired":true,"valueName":"search_term_string"}}],"inLanguage":"en-US"},{"@type":"Organization","@id":"https:\/\/vanphongao.net\/#organization","name":"G Office Cho thu\u00ea v\u0103n ph\u00f2ng \u1ea3o, v\u0103n ph\u00f2ng chia s\u1ebb, v\u0103n ph\u00f2ng tr\u1ecdn g\u00f3i","url":"https:\/\/vanphongao.net\/","logo":{"@type":"ImageObject","inLanguage":"en-US","@id":"https:\/\/vanphongao.net\/#\/schema\/logo\/image\/","url":"https:\/\/vanphongao.net\/wp-content\/uploads\/2025\/08\/Web-logo.webp","contentUrl":"https:\/\/vanphongao.net\/wp-content\/uploads\/2025\/08\/Web-logo.webp","width":232,"height":67,"caption":"G Office Cho thu\u00ea v\u0103n ph\u00f2ng \u1ea3o, v\u0103n ph\u00f2ng chia s\u1ebb, v\u0103n ph\u00f2ng tr\u1ecdn g\u00f3i"},"image":{"@id":"https:\/\/vanphongao.net\/#\/schema\/logo\/image\/"},"sameAs":["https:\/\/www.facebook.com\/gofficevietnam","https:\/\/www.youtube.com\/@vanphongchiase"]}]}},"_links":{"self":[{"href":"https:\/\/vanphongao.net\/en\/wp-json\/wp\/v2\/pages\/1384","targetHints":{"allow":["GET"]}}],"collection":[{"href":"https:\/\/vanphongao.net\/en\/wp-json\/wp\/v2\/pages"}],"about":[{"href":"https:\/\/vanphongao.net\/en\/wp-json\/wp\/v2\/types\/page"}],"author":[{"embeddable":true,"href":"https:\/\/vanphongao.net\/en\/wp-json\/wp\/v2\/users\/1"}],"replies":[{"embeddable":true,"href":"https:\/\/vanphongao.net\/en\/wp-json\/wp\/v2\/comments?post=1384"}],"version-history":[{"count":0,"href":"https:\/\/vanphongao.net\/en\/wp-json\/wp\/v2\/pages\/1384\/revisions"}],"wp:attachment":[{"href":"https:\/\/vanphongao.net\/en\/wp-json\/wp\/v2\/media?parent=1384"}],"curies":[{"name":"wp","href":"https:\/\/api.w.org\/{rel}","templated":true}]}}